{"id":6,"date":"2016-06-01T03:00:17","date_gmt":"2016-06-01T03:00:17","guid":{"rendered":"http:\/\/cp5.mx\/fr\/?page_id=6"},"modified":"2016-06-01T03:01:05","modified_gmt":"2016-06-01T03:01:05","slug":"6-2","status":"publish","type":"page","link":"https:\/\/cp5.mx\/fr\/","title":{"rendered":"\u00e0 propos de nous"},"content":{"rendered":"<p><img loading=\"lazy\" decoding=\"async\" class=\"alignright size-full wp-image-22\" src=\"http:\/\/cp5.mx\/wp-content\/uploads\/2015\/09\/acerca.jpg\" alt=\"acerca\" width=\"408\" height=\"600\" \/><\/p>\n<h2>Sur Corredur\u00eda P\u00fablica N\u00famero 5 Saltillo<\/h2>\n<p>Corredur\u00eda P\u00fablica N\u00famero 5 offre une large gamme de services juridiques en agissant avec probit\u00e9, rectitude et efficacit\u00e9. Nous secourons nos clients de fa\u00e7on personnalis\u00e9e et nous assurons une certitude juridique \u00e0 leurs op\u00e9rations.<\/p>\n<h3>Mission<\/h3>\n<p>Garantir la certitude et s\u00e9curit\u00e9 juridique en fournissant la foi publique aux op\u00e9rations commerciales r\u00e9alis\u00e9es, en offrant consultation juridique de mani\u00e8re professionnelle, impartiale et honn\u00eate, en proposant les affaires avec exactitude, clart\u00e9 et pr\u00e9cision, tout en gardant le secret professionnel.<\/p>\n<h3>Vision\u00a0<\/h3>\n<p>\u00catre reconnue au niveau national pour la qualit\u00e9 de nos services offrant soutien et certitude juridique aux op\u00e9rations dans lesquelles nous intervenions.<\/p>\n<h3>Objectifs<\/h3>\n<ul>\n<li>Offrir solutions int\u00e9grales.<\/li>\n<li>Procurer certitude juridique.<\/li>\n<li>Conseiller de mani\u00e8re strat\u00e9gique.<\/li>\n<li>Assurer la s\u00e9curit\u00e9 juridique totale de nos clients.<\/li>\n<li>Agir de mani\u00e8re int\u00e8gre.<\/li>\n<\/ul>\n","protected":false},"excerpt":{"rendered":"<p>Sur Corredur\u00eda P\u00fablica N\u00famero 5 Saltillo Corredur\u00eda P\u00fablica N\u00famero 5 offre une large gamme de services juridiques en agissant avec probit\u00e9, rectitude et efficacit\u00e9. Nous secourons nos clients de fa\u00e7on personnalis\u00e9e et nous assurons une certitude juridique \u00e0 leurs op\u00e9rations. Mission Garantir la certitude et s\u00e9curit\u00e9 juridique en fournissant la foi publique aux op\u00e9rations commerciales&#8230;<\/p>\n","protected":false},"author":1,"featured_media":0,"parent":0,"menu_order":0,"comment_status":"closed","ping_status":"closed","template":"","meta":{"footnotes":""},"_links":{"self":[{"href":"https:\/\/cp5.mx\/fr\/wp-json\/wp\/v2\/pages\/6"}],"collection":[{"href":"https:\/\/cp5.mx\/fr\/wp-json\/wp\/v2\/pages"}],"about":[{"href":"https:\/\/cp5.mx\/fr\/wp-json\/wp\/v2\/types\/page"}],"author":[{"embeddable":true,"href":"https:\/\/cp5.mx\/fr\/wp-json\/wp\/v2\/users\/1"}],"replies":[{"embeddable":true,"href":"https:\/\/cp5.mx\/fr\/wp-json\/wp\/v2\/comments?post=6"}],"version-history":[{"count":2,"href":"https:\/\/cp5.mx\/fr\/wp-json\/wp\/v2\/pages\/6\/revisions"}],"predecessor-version":[{"id":8,"href":"https:\/\/cp5.mx\/fr\/wp-json\/wp\/v2\/pages\/6\/revisions\/8"}],"wp:attachment":[{"href":"https:\/\/cp5.mx\/fr\/wp-json\/wp\/v2\/media?parent=6"}],"curies":[{"name":"wp","href":"https:\/\/api.w.org\/{rel}","templated":true}]}}