{"id":9,"date":"2016-06-01T03:12:01","date_gmt":"2016-06-01T03:12:01","guid":{"rendered":"http:\/\/cp5.mx\/fr\/?page_id=9"},"modified":"2016-06-01T03:12:25","modified_gmt":"2016-06-01T03:12:25","slug":"services","status":"publish","type":"page","link":"https:\/\/cp5.mx\/fr\/services\/","title":{"rendered":"Services"},"content":{"rendered":"<p><img decoding=\"async\" src=\"http:\/\/cp5.mx\/wp-content\/uploads\/2015\/09\/correduria-publica-saltillo.jpg\" alt=\"corredor p\u00fablico saltillo Adolfo Quijano\" width=\"100%\" \/><\/p>\n<ul>\n<li>Foi publique.<\/li>\n<li>Constitution de soci\u00e9t\u00e9s.<\/li>\n<li>Formalisation d\u2019Actes d\u2019Assembl\u00e9es et de Conseil.<\/li>\n<li>Servir comme expert en \u00e9valuation pour estimer, quantifier, et \u00e9valuer les biens, services, droits et obligations qui soient soumis \u00e0 consid\u00e9ration, pour d\u00e9signation priv\u00e9e ou pour le mandat de l\u2019autorit\u00e9 comp\u00e9tente.<\/li>\n<li>Agir comme arbitre, \u00e0 la demande des parties, dans la solution de controverses d\u00e9riv\u00e9es des actes, contrats ou ententes mercantiles aussi bien que celles qui r\u00e9sultent de fournisseurs et consommateurs, d\u2019apr\u00e8s la loi de la mati\u00e8re.<\/li>\n<li>Agir comme agent m\u00e9diateur pour transmettre et \u00e9changer des propositions entre deux ou plus parties et conseiller dans la c\u00e9l\u00e9bration ou ajustement d\u2019un contrat ou entente mercantile.<\/li>\n<li>Agir comme notaire d\u2019apr\u00e8s la constitution et d\u2019autres actes pr\u00e9vus par la Loi G\u00e9n\u00e9ral de Soci\u00e9t\u00e9s Mercantiles m\u00eame ceux dans lesquels on fasse constater la repr\u00e9sentation organique.<\/li>\n<li>Consultation Juridique.<\/li>\n<li>V\u00e9rification et comparaison de documents.<\/li>\n<li>Registre de Marques et Brevets.<\/li>\n<li>Ratification de Contrats Mercantiles.<\/li>\n<\/ul>\n","protected":false},"excerpt":{"rendered":"<p>Foi publique. Constitution de soci\u00e9t\u00e9s. Formalisation d\u2019Actes d\u2019Assembl\u00e9es et de Conseil. Servir comme expert en \u00e9valuation pour estimer, quantifier, et \u00e9valuer les biens, services, droits et obligations qui soient soumis \u00e0 consid\u00e9ration, pour d\u00e9signation priv\u00e9e ou pour le mandat de l\u2019autorit\u00e9 comp\u00e9tente. Agir comme arbitre, \u00e0 la demande des parties, dans la solution de controverses&#8230;<\/p>\n","protected":false},"author":1,"featured_media":0,"parent":0,"menu_order":0,"comment_status":"closed","ping_status":"closed","template":"","meta":{"footnotes":""},"_links":{"self":[{"href":"https:\/\/cp5.mx\/fr\/wp-json\/wp\/v2\/pages\/9"}],"collection":[{"href":"https:\/\/cp5.mx\/fr\/wp-json\/wp\/v2\/pages"}],"about":[{"href":"https:\/\/cp5.mx\/fr\/wp-json\/wp\/v2\/types\/page"}],"author":[{"embeddable":true,"href":"https:\/\/cp5.mx\/fr\/wp-json\/wp\/v2\/users\/1"}],"replies":[{"embeddable":true,"href":"https:\/\/cp5.mx\/fr\/wp-json\/wp\/v2\/comments?post=9"}],"version-history":[{"count":2,"href":"https:\/\/cp5.mx\/fr\/wp-json\/wp\/v2\/pages\/9\/revisions"}],"predecessor-version":[{"id":11,"href":"https:\/\/cp5.mx\/fr\/wp-json\/wp\/v2\/pages\/9\/revisions\/11"}],"wp:attachment":[{"href":"https:\/\/cp5.mx\/fr\/wp-json\/wp\/v2\/media?parent=9"}],"curies":[{"name":"wp","href":"https:\/\/api.w.org\/{rel}","templated":true}]}}